{"id":51700,"date":"2016-11-23T15:31:31","date_gmt":"2016-11-23T15:31:31","guid":{"rendered":"http:\/\/www.econstrup.com\/?page_id=51700"},"modified":"2016-11-23T16:00:51","modified_gmt":"2016-11-23T16:00:51","slug":"termos-e-condicoes","status":"publish","type":"page","link":"https:\/\/www.econstrup.com\/es\/termos-e-condicoes\/","title":{"rendered":"Termos e Condi\u00e7\u00f5es"},"content":{"rendered":"<p class=\"qtranxs-available-languages-message qtranxs-available-languages-message-es\">Disculpa, pero esta entrada est\u00e1 disponible s\u00f3lo en <a href=\"https:\/\/www.econstrup.com\/pt\/wp-json\/wp\/v2\/pages\/51700\" class=\"qtranxs-available-language-link qtranxs-available-language-link-pt\" title=\"Portugu\u00eas\">Portugu\u00eas<\/a>.<\/p>\n<p>Bem vindo ao eConstrUp! O eConstrUP \u00e9 uma plataforma\u00a0<em>Online<\/em> de Gest\u00e3o para Empresas de Constru\u00e7\u00e3o de pequena e m\u00e9dia dimens\u00e3o.<\/p>\n<p><strong>Introdu\u00e7\u00e3o<\/strong><\/p>\n<p>O site econstrup.com (o \u00abSite\u00bb) \u00e9 composto por v\u00e1rias p\u00e1ginas web operadas pela SOFTUP IT Consulting Lda, sobre a marca registada eConstrUp (\u00abeConstrUp\u00bb, \u00abn\u00f3s\u00bb, \u00abn\u00f3s\u00bb ou \u00abnosso\u00bb). O Site e todas as suas caracter\u00edsticas e servi\u00e7os (coletivamente, os \u00abServi\u00e7os\u00bb) s\u00e3o lhe oferecidos condicionado \u00e0 sua aceita\u00e7\u00e3o sem modifica\u00e7\u00e3o dos termos, condi\u00e7\u00f5es e avisos contidos neste (os \u00abTermos\u00bb). A sua utiliza\u00e7\u00e3o do Site e dos Servi\u00e7os constitui o seu acordo relativamente a todos os Termos.\u00a0Se n\u00e3o estiver de acordo com estes termos, n\u00e3o dever\u00e1 aceder ou mesmo visionar o conte\u00fado deste Site.<\/p>\n<p><strong>Utiliza\u00e7\u00e3o e registo<\/strong><\/p>\n<p>Pode navegar e aceder a certas \u00e1reas de nosso Site sem registo. No entanto, \u00e9 necess\u00e1rio que se registe antes de usar alguns dos Servi\u00e7os, como nossa plataforma de gest\u00e3o de or\u00e7amentos e contrata\u00e7\u00e3o. Cada utilizador registado deve fornecer informa\u00e7\u00f5es completas, precisas e ver\u00eddicas em conex\u00e3o com o\u00a0registo e concorda em atualizar essas informa\u00e7\u00f5es prontamente se houver alguma altera\u00e7\u00e3o nas informa\u00e7\u00f5es de registo. Se \u00e9 um utilizador registado deste Site, \u00e9 respons\u00e1vel por manter a confidencialidade de sua conta e senha e concorda em aceitar a responsabilidade por todas as atividades que ocorrem sob a sua conta ou senha. N\u00e3o pode ceder ou transferir sua conta para qualquer outra pessoa ou entidade sem a nossa permiss\u00e3o pr\u00e9via por escrito. Reconhece que o eConstrUp n\u00e3o \u00e9 respons\u00e1vel pelo acesso de terceiros \u00e0 sua conta que resulte de roubo ou apropria\u00e7\u00e3o indevida de sua identifica\u00e7\u00e3o de conta ou senha.<\/p>\n<p><strong>Utiliza\u00e7\u00e3o de Servi\u00e7os<\/strong><\/p>\n<p>Os servi\u00e7os podem ser fornecidos gratuitamente ou por uma taxa. Se houver uma taxa a ser cobrada por um Servi\u00e7o, tal taxa ser\u00e1 revelada a quando se registar para o Servi\u00e7o e cobrado de acordo com a taxa aplic\u00e1vel para esse Servi\u00e7o. Concorda em pagar todas as taxas aplic\u00e1veis relacionadas \u00e0 sua compra de qualquer Servi\u00e7o pelo qual as taxas s\u00e3o cobradas. Ao fornecer um m\u00e9todo de pagamento, autoriza-nos expressamente a cobrar as taxas aplic\u00e1veis em tal m\u00e9todo de pagamento, bem como os impostos e outros encargos relacionados incorridos em intervalos regulares, todos os quais dependem de sua assinatura particular e servi\u00e7os utilizados. Podemos suspender ou encerrar sua conta ou acesso os nossos Servi\u00e7os e a este Site se o seu pagamento estiver atrasado ou o m\u00e9todo de pagamento oferecido n\u00e3o puder ser processado.<\/p>\n<p><strong>Conte\u00fado do Projeto<\/strong><\/p>\n<p>O Site e os Servi\u00e7os permitem que propriet\u00e1rios, empreiteiros gerais, subcontratados e outros utilizadores\u00a0carreguem para o Site informa\u00e7\u00f5es relacionadas a obras e projetos, como especifica\u00e7\u00f5es, texto, fotos, desenhos, documentos, v\u00eddeos e outros conte\u00fados ( \u00abConte\u00fado do Projeto\u00bb) para diversos fins, Solicita\u00e7\u00f5es de Propostas e aceita\u00e7\u00e3o de respostas ao Pedido de Propostas. O utilizador \u00e9 o \u00fanico respons\u00e1vel pelo Conte\u00fado do Projeto que envia e n\u00e3o temos nenhuma obriga\u00e7\u00e3o de verificar ou confirmar o Conte\u00fado do Projeto. Al\u00e9m disso, o eConstrUp\u00a0n\u00e3o \u00a0atua como um agente ou representante de qualquer parte que envie ou responda a uma Solicita\u00e7\u00e3o de Proposta ou use os Servi\u00e7os de outra forma. Por essa raz\u00e3o, n\u00e3o podemos e n\u00e3o fazemos nenhuma declara\u00e7\u00e3o ou garantia em rela\u00e7\u00e3o a qualquer Pedido de Proposta ou outro Conte\u00fado do Projeto e n\u00e3o temos qualquer responsabilidade por quaisquer erros ou imprecis\u00f5es em qualquer Pedido de Proposta ou resposta a ele ou em qualquer outro Conte\u00fado do Projeto.<\/p>\n<p><strong>Os Nossos Direitos de Propriedade<\/strong><\/p>\n<p>O utilizador possui o conte\u00fado do seu projeto, conte\u00fado publicado publicamente e seu material (como esse termo \u00e9 definido abaixo). Todos os outros conte\u00fados inclu\u00eddos no Site ou nos seus Servi\u00e7os, tais como texto, gr\u00e1ficos, log\u00f3tipos, imagens, bem como a sua compila\u00e7\u00e3o e quaisquer plataformas de software ou software fornecidas ou utilizadas no Site (colectivamente \u00abO Nosso Conte\u00fado \u00ab), \u00e9 propriedade do eConstrUp ou de seus fornecedores e protegido por direitos autorais e outras leis de propriedade intelectual. Ao utilizar o \u00a0site concorda em observar e respeitar todos os avisos de direitos autorais e outros avisos de propriedade, legendas ou outras restri\u00e7\u00f5es contidas no\u00a0Nosso Conte\u00fado, e n\u00e3o far\u00e1 nenhuma altera\u00e7\u00e3o neles.<\/p>\n<p>Concorda que n\u00e3o modificar\u00e1, publicar\u00e1, transmitir\u00e1, usar\u00e1 t\u00e9cnicas de engenharia inversa (reverse engineer), participar\u00e1 da transfer\u00eancia ou venda, ou criar\u00e1 trabalhos derivados do Site, dos Servi\u00e7os ou de Nosso Conte\u00fado. Voc\u00ea concorda que n\u00e3o adquire nenhum direito de propriedade em qualquer Site, Servi\u00e7os ou Nossos Conte\u00fados. N\u00e3o concedemos quaisquer licen\u00e7as, expressas ou impl\u00edcitas, \u00e0 propriedade intelectual do eConstrUp ou de nossos licenciadores, excepto conforme expressamente autorizado por estes Termos. Todos os direitos n\u00e3o expressamente concedidos nestes Termos s\u00e3o reservados ao eConstrUp.<\/p>\n<p><strong>Atividades Proibidas<\/strong><\/p>\n<p>Os utilizadores\u00a0do Site e dos Servi\u00e7os devem, a todo o momento, cumprir todas as leis, regras e regulamentos aplic\u00e1veis ao usar o Site ou os Servi\u00e7os. Concorda em n\u00e3o se envolver em nenhuma das seguintes atividades ao usar nosso Site ou os Servi\u00e7os ( \u00abAtividades Proibidas\u00bb): difamar, abusar, assediar, amea\u00e7ar ou violar os direitos legais (tais como direitos de privacidade e publicidade) de outras; publicar, enviar, distribuir ou difundir qualquer assunto, nome, material ou informa\u00e7\u00e3o impr\u00f3pria, profana, difamat\u00f3ria, infratora, obscena, indecente ou ilegal; carregar arquivos que contenham software ou outro material protegido por leis de propriedade intelectual (ou por direitos de privacidade de publicidade), a menos que voc\u00ea possua ou controle os direitos sobre o mesmo ou tenha recebido todos os consentimentos necess\u00e1rios; carregar arquivos que contenham v\u00edrus, arquivos corrompidos ou qualquer outro software ou programa similar que possa danificar a opera\u00e7\u00e3o do computador de outra pessoa; anunciar ou oferecer para vender ou comprar quaisquer bens ou servi\u00e7os para qualquer finalidade comercial, a menos que o Servi\u00e7o aplic\u00e1vel permita especificamente tais mensagens; conduzir ou encaminhar pesquisas, concursos, esquemas de pir\u00e2mide ou cartas em cadeia; decarregar qualquer arquivo carregado \u00a0por outro utilizador de um Servi\u00e7o que voc\u00ea conhece ou razoavelmente deve saber, n\u00e3o pode ser legalmente distribu\u00eddo de tal maneira; falsificar ou eliminar quaisquer atribui\u00e7\u00f5es de autor, avisos legais ou outros avisos adequados ou designa\u00e7\u00f5es de propriedade ou r\u00f3tulos da origem ou fonte de software ou outro material contido em um arquivo que \u00e9 carregado, restringir ou inibir qualquer outro utilizador de usar e desfrutar dos Servi\u00e7os; violar qualquer c\u00f3digo de conduta ou outras diretrizes que possam ser aplic\u00e1veis a qualquer Servi\u00e7o em particular; enviar spam, e-mails comerciais n\u00e3o solicitados ou em massa; coletar informa\u00e7\u00f5es sobre outros, incluindo endere\u00e7os de e-mail, sem seu consentimento; ou violar quaisquer leis ou regulamentos aplic\u00e1veis.<\/p>\n<p>O eConstrUp n\u00e3o tem obriga\u00e7\u00e3o de monitorar os Servi\u00e7os. No entanto, o eConstrUp reserva-se o direito de rever materiais postados no Site ou um Servi\u00e7o e para remover quaisquer materiais que, a seu exclusivo crit\u00e9rio, constituam Atividades Proibidas ou que de outra forma violam estes Termos. O eConstrUp reserva-se no direito de, a qualquer momento, divulgar qualquer informa\u00e7\u00e3o que seja necess\u00e1ria para satisfazer qualquer lei aplic\u00e1vel, regulamento, processo legal ou pedido governamental, ou para editar, recusar publicar ou remover quaisquer informa\u00e7\u00f5es ou materiais, no todo ou em parte, no Site do eConstrUp Desde que usemos esfor\u00e7os razo\u00e1veis para notific\u00e1-lo antecipadamente de qualquer divulga\u00e7\u00e3o que envolva o seu Conte\u00fado do Projeto.<\/p>\n<p>Os materiais enviados para os Servi\u00e7os podem estar sujeitos a limita\u00e7\u00f5es publicadas no uso, tamanho do arquivo, reprodu\u00e7\u00e3o e \/ ou divulga\u00e7\u00e3o. O utilizador \u00e9 respons\u00e1vel por aderir a essas limita\u00e7\u00f5es se carregar os materiais.<\/p>\n<p>Privacidade<\/p>\n<p>O eConstrUp respeita a privacidade de seus utilizadores. As suas pr\u00e1ticas de privacidade e seguran\u00e7a de informa\u00e7\u00f5es s\u00e3o estabelecidas na sua pol\u00edtica de privacidade. Deve ler a pol\u00edtica de privacidade antes de usar o Site ou os Servi\u00e7os ou fornecer qualquer informa\u00e7\u00e3o pessoal ao eConstrUpp. A sua utiliza\u00e7\u00e3o do Site e dos Servi\u00e7os constitui a sua aceita\u00e7\u00e3o da pol\u00edtica de privacidade.<\/p>\n<p><strong>Hiperliga\u00e7\u00f5es para Sites de Terceiros<\/strong><\/p>\n<p>O eConstrUp\u00a0pode dar acessos a outros sites atrav\u00e9s de hiperliga\u00e7\u00f5es com conte\u00fados externos, n\u00e3o se responsabilizando pelas informa\u00e7\u00f5es contidas nos mesmos declinando desde j\u00e1 responsabilidade sobre os seus conte\u00fados.<\/p>\n<p><strong>Altera\u00e7\u00f5es do Nosso Conte\u00fado<\/strong><\/p>\n<p>O eConstrUp reserva-se ao direito de, a qualquer altura e sem aviso pr\u00e9vio, modificar, suspender, alterar o Site e os conte\u00fados, incluindo estes termos e condi\u00e7\u00f5es descritos.<\/p>\n","protected":false},"excerpt":{"rendered":"<p>Disculpa, pero esta entrada est\u00e1 disponible s\u00f3lo en Portugu\u00eas. Bem vindo ao eConstrUp! O eConstrUP \u00e9 uma plataforma\u00a0Online de Gest\u00e3o para Empresas de Constru\u00e7\u00e3o de pequena e m\u00e9dia dimens\u00e3o. Introdu\u00e7\u00e3o O site econstrup.com (o \u00abSite\u00bb) \u00e9 composto por v\u00e1rias p\u00e1ginas web operadas pela SOFTUP IT&#8230;<\/p>\n","protected":false},"author":1,"featured_media":0,"parent":0,"menu_order":0,"comment_status":"closed","ping_status":"closed","template":"","meta":{"footnotes":""},"class_list":["post-51700","page","type-page","status-publish","hentry"],"yoast_head":"<!-- This site is optimized with the Yoast SEO plugin v26.9 - https:\/\/yoast.com\/product\/yoast-seo-wordpress\/ -->\n<title>Termos e Condi\u00e7\u00f5es - eConstrUp<\/title>\n<meta name=\"robots\" content=\"index, follow, max-snippet:-1, max-image-preview:large, max-video-preview:-1\" \/>\n<link rel=\"canonical\" href=\"https:\/\/www.econstrup.com\/es\/termos-e-condicoes\/\" \/>\n<meta property=\"og:locale\" content=\"es_ES\" \/>\n<meta property=\"og:type\" content=\"article\" \/>\n<meta property=\"og:title\" content=\"Termos e Condi\u00e7\u00f5es - eConstrUp\" \/>\n<meta property=\"og:description\" content=\"Disculpa, pero esta entrada est\u00e1 disponible s\u00f3lo en Portugu\u00eas. Bem vindo ao eConstrUp! O eConstrUP \u00e9 uma plataforma\u00a0Online de Gest\u00e3o para Empresas de Constru\u00e7\u00e3o de pequena e m\u00e9dia dimens\u00e3o. Introdu\u00e7\u00e3o O site econstrup.com (o \u00abSite\u00bb) \u00e9 composto por v\u00e1rias p\u00e1ginas web operadas pela SOFTUP IT...\" \/>\n<meta property=\"og:url\" content=\"https:\/\/www.econstrup.com\/es\/termos-e-condicoes\/\" \/>\n<meta property=\"og:site_name\" content=\"eConstrUp\" \/>\n<meta property=\"article:modified_time\" content=\"2016-11-23T16:00:51+00:00\" \/>\n<meta name=\"twitter:card\" content=\"summary_large_image\" \/>\n<meta name=\"twitter:label1\" content=\"Tiempo de lectura\" \/>\n\t<meta name=\"twitter:data1\" content=\"8 minutos\" \/>\n<script type=\"application\/ld+json\" class=\"yoast-schema-graph\">{\"@context\":\"https:\/\/schema.org\",\"@graph\":[{\"@type\":\"WebPage\",\"@id\":\"https:\/\/www.econstrup.com\/es\/termos-e-condicoes\/\",\"url\":\"https:\/\/www.econstrup.com\/es\/termos-e-condicoes\/\",\"name\":\"Termos e Condi\u00e7\u00f5es - eConstrUp\",\"isPartOf\":{\"@id\":\"https:\/\/www.econstrup.com\/es\/#website\"},\"datePublished\":\"2016-11-23T15:31:31+00:00\",\"dateModified\":\"2016-11-23T16:00:51+00:00\",\"breadcrumb\":{\"@id\":\"https:\/\/www.econstrup.com\/es\/termos-e-condicoes\/#breadcrumb\"},\"inLanguage\":\"es\",\"potentialAction\":[{\"@type\":\"ReadAction\",\"target\":[[\"https:\/\/www.econstrup.com\/es\/termos-e-condicoes\/\"]]}]},{\"@type\":\"BreadcrumbList\",\"@id\":\"https:\/\/www.econstrup.com\/es\/termos-e-condicoes\/#breadcrumb\",\"itemListElement\":[{\"@type\":\"ListItem\",\"position\":1,\"name\":\"Home\",\"item\":\"https:\/\/www.econstrup.com\/es\/\"},{\"@type\":\"ListItem\",\"position\":2,\"name\":\"Termos e Condi\u00e7\u00f5es\"}]},{\"@type\":\"WebSite\",\"@id\":\"https:\/\/www.econstrup.com\/es\/#website\",\"url\":\"https:\/\/www.econstrup.com\/es\/\",\"name\":\"eConstrUp\",\"description\":\"Software online para la construcci\u00f3n\",\"potentialAction\":[{\"@type\":\"SearchAction\",\"target\":{\"@type\":\"EntryPoint\",\"urlTemplate\":\"https:\/\/www.econstrup.com\/es\/?s={search_term_string}\"},\"query-input\":{\"@type\":\"PropertyValueSpecification\",\"valueRequired\":true,\"valueName\":\"search_term_string\"}}],\"inLanguage\":\"es\"}]}<\/script>\n<!-- \/ Yoast SEO plugin. -->","yoast_head_json":{"title":"Termos e Condi\u00e7\u00f5es - eConstrUp","robots":{"index":"index","follow":"follow","max-snippet":"max-snippet:-1","max-image-preview":"max-image-preview:large","max-video-preview":"max-video-preview:-1"},"canonical":"https:\/\/www.econstrup.com\/es\/termos-e-condicoes\/","og_locale":"es_ES","og_type":"article","og_title":"Termos e Condi\u00e7\u00f5es - eConstrUp","og_description":"Disculpa, pero esta entrada est\u00e1 disponible s\u00f3lo en Portugu\u00eas. Bem vindo ao eConstrUp! O eConstrUP \u00e9 uma plataforma\u00a0Online de Gest\u00e3o para Empresas de Constru\u00e7\u00e3o de pequena e m\u00e9dia dimens\u00e3o. Introdu\u00e7\u00e3o O site econstrup.com (o \u00abSite\u00bb) \u00e9 composto por v\u00e1rias p\u00e1ginas web operadas pela SOFTUP IT...","og_url":"https:\/\/www.econstrup.com\/es\/termos-e-condicoes\/","og_site_name":"eConstrUp","article_modified_time":"2016-11-23T16:00:51+00:00","twitter_card":"summary_large_image","twitter_misc":{"Tiempo de lectura":"8 minutos"},"schema":{"@context":"https:\/\/schema.org","@graph":[{"@type":"WebPage","@id":"https:\/\/www.econstrup.com\/es\/termos-e-condicoes\/","url":"https:\/\/www.econstrup.com\/es\/termos-e-condicoes\/","name":"Termos e Condi\u00e7\u00f5es - eConstrUp","isPartOf":{"@id":"https:\/\/www.econstrup.com\/es\/#website"},"datePublished":"2016-11-23T15:31:31+00:00","dateModified":"2016-11-23T16:00:51+00:00","breadcrumb":{"@id":"https:\/\/www.econstrup.com\/es\/termos-e-condicoes\/#breadcrumb"},"inLanguage":"es","potentialAction":[{"@type":"ReadAction","target":[["https:\/\/www.econstrup.com\/es\/termos-e-condicoes\/"]]}]},{"@type":"BreadcrumbList","@id":"https:\/\/www.econstrup.com\/es\/termos-e-condicoes\/#breadcrumb","itemListElement":[{"@type":"ListItem","position":1,"name":"Home","item":"https:\/\/www.econstrup.com\/es\/"},{"@type":"ListItem","position":2,"name":"Termos e Condi\u00e7\u00f5es"}]},{"@type":"WebSite","@id":"https:\/\/www.econstrup.com\/es\/#website","url":"https:\/\/www.econstrup.com\/es\/","name":"eConstrUp","description":"Software online para la construcci\u00f3n","potentialAction":[{"@type":"SearchAction","target":{"@type":"EntryPoint","urlTemplate":"https:\/\/www.econstrup.com\/es\/?s={search_term_string}"},"query-input":{"@type":"PropertyValueSpecification","valueRequired":true,"valueName":"search_term_string"}}],"inLanguage":"es"}]}},"_links":{"self":[{"href":"https:\/\/www.econstrup.com\/es\/wp-json\/wp\/v2\/pages\/51700","targetHints":{"allow":["GET"]}}],"collection":[{"href":"https:\/\/www.econstrup.com\/es\/wp-json\/wp\/v2\/pages"}],"about":[{"href":"https:\/\/www.econstrup.com\/es\/wp-json\/wp\/v2\/types\/page"}],"author":[{"embeddable":true,"href":"https:\/\/www.econstrup.com\/es\/wp-json\/wp\/v2\/users\/1"}],"replies":[{"embeddable":true,"href":"https:\/\/www.econstrup.com\/es\/wp-json\/wp\/v2\/comments?post=51700"}],"version-history":[{"count":4,"href":"https:\/\/www.econstrup.com\/es\/wp-json\/wp\/v2\/pages\/51700\/revisions"}],"predecessor-version":[{"id":51706,"href":"https:\/\/www.econstrup.com\/es\/wp-json\/wp\/v2\/pages\/51700\/revisions\/51706"}],"wp:attachment":[{"href":"https:\/\/www.econstrup.com\/es\/wp-json\/wp\/v2\/media?parent=51700"}],"curies":[{"name":"wp","href":"https:\/\/api.w.org\/{rel}","templated":true}]}}