{"id":51698,"date":"2016-11-23T12:09:41","date_gmt":"2016-11-23T12:09:41","guid":{"rendered":"http:\/\/www.econstrup.com\/?page_id=51698"},"modified":"2016-11-23T16:59:37","modified_gmt":"2016-11-23T16:59:37","slug":"politica-de-privacidade","status":"publish","type":"page","link":"https:\/\/www.econstrup.com\/es\/politica-de-privacidade\/","title":{"rendered":"Pol\u00edtica de Privacidade"},"content":{"rendered":"<p class=\"qtranxs-available-languages-message qtranxs-available-languages-message-es\">Disculpa, pero esta entrada est\u00e1 disponible s\u00f3lo en <a href=\"https:\/\/www.econstrup.com\/pt\/wp-json\/wp\/v2\/pages\/51698\" class=\"qtranxs-available-language-link qtranxs-available-language-link-pt\" title=\"Portugu\u00eas\">Portugu\u00eas<\/a> y <a href=\"https:\/\/www.econstrup.com\/en\/wp-json\/wp\/v2\/pages\/51698\" class=\"qtranxs-available-language-link qtranxs-available-language-link-en\" title=\"English\">English<\/a>.<\/p>\n<p>O eConstrUp\u00a0colecta dados pessoais ao serem preenchidos os formul\u00e1rios do s\u00edtio <b>www.econstrup.com<\/b>.<\/p>\n<p>O eConstrUp protege a sua privacidade ao guardar os seus dados numa base de dados, de natureza confidencial, que n\u00e3o ser\u00e3o partilhados com terceiros.<\/p>\n<p>Os dados de liga\u00e7\u00e3o (endere\u00e7o IP, pa\u00eds, data e p\u00e1ginas consultadas) s\u00e3o guardados unicamente para fins estat\u00edsticos, com vista a melhorar o servi\u00e7o prestado pelo eConstrUp.<\/p>\n<p>Qualquer quest\u00e3o ou reclama\u00e7\u00e3o relativa \u00e0 recolha e tratamento de dados deve ser dirigida ao eConstrUp, atrav\u00e9s dos\u00a0<a href=\"http:\/\/www.econstrup.com\/pt\/aderir\/\">contactos<\/a>. O eConstrUp responder\u00e1 com a maior brevidade poss\u00edvel.<\/p>\n<div class=\"clear\"><\/div>\n<div class=\"footer\"><\/div>\n","protected":false},"excerpt":{"rendered":"<p>Disculpa, pero esta entrada est\u00e1 disponible s\u00f3lo en Portugu\u00eas y English. O eConstrUp\u00a0colecta dados pessoais ao serem preenchidos os formul\u00e1rios do s\u00edtio www.econstrup.com. O eConstrUp protege a sua privacidade ao guardar os seus dados numa base de dados, de natureza confidencial, que n\u00e3o ser\u00e3o partilhados&#8230;<\/p>\n","protected":false},"author":1,"featured_media":0,"parent":0,"menu_order":0,"comment_status":"closed","ping_status":"closed","template":"","meta":{"footnotes":""},"class_list":["post-51698","page","type-page","status-publish","hentry"],"yoast_head":"<!-- This site is optimized with the Yoast SEO plugin v26.9 - https:\/\/yoast.com\/product\/yoast-seo-wordpress\/ -->\n<title>Pol\u00edtica de Privacidade - eConstrUp<\/title>\n<meta name=\"robots\" content=\"index, follow, max-snippet:-1, max-image-preview:large, max-video-preview:-1\" \/>\n<link rel=\"canonical\" href=\"https:\/\/www.econstrup.com\/es\/politica-de-privacidade\/\" \/>\n<meta property=\"og:locale\" content=\"es_ES\" \/>\n<meta property=\"og:type\" content=\"article\" \/>\n<meta property=\"og:title\" content=\"Pol\u00edtica de Privacidade - eConstrUp\" \/>\n<meta property=\"og:description\" content=\"Disculpa, pero esta entrada est\u00e1 disponible s\u00f3lo en Portugu\u00eas y English. O eConstrUp\u00a0colecta dados pessoais ao serem preenchidos os formul\u00e1rios do s\u00edtio www.econstrup.com. O eConstrUp protege a sua privacidade ao guardar os seus dados numa base de dados, de natureza confidencial, que n\u00e3o ser\u00e3o partilhados...\" \/>\n<meta property=\"og:url\" content=\"https:\/\/www.econstrup.com\/es\/politica-de-privacidade\/\" \/>\n<meta property=\"og:site_name\" content=\"eConstrUp\" \/>\n<meta property=\"article:modified_time\" content=\"2016-11-23T16:59:37+00:00\" \/>\n<meta name=\"twitter:card\" content=\"summary_large_image\" \/>\n<meta name=\"twitter:label1\" content=\"Tiempo de lectura\" \/>\n\t<meta name=\"twitter:data1\" content=\"1 minuto\" \/>\n<script type=\"application\/ld+json\" class=\"yoast-schema-graph\">{\"@context\":\"https:\/\/schema.org\",\"@graph\":[{\"@type\":\"WebPage\",\"@id\":\"https:\/\/www.econstrup.com\/es\/politica-de-privacidade\/\",\"url\":\"https:\/\/www.econstrup.com\/es\/politica-de-privacidade\/\",\"name\":\"Pol\u00edtica de Privacidade - eConstrUp\",\"isPartOf\":{\"@id\":\"https:\/\/www.econstrup.com\/es\/#website\"},\"datePublished\":\"2016-11-23T12:09:41+00:00\",\"dateModified\":\"2016-11-23T16:59:37+00:00\",\"breadcrumb\":{\"@id\":\"https:\/\/www.econstrup.com\/es\/politica-de-privacidade\/#breadcrumb\"},\"inLanguage\":\"es\",\"potentialAction\":[{\"@type\":\"ReadAction\",\"target\":[[\"https:\/\/www.econstrup.com\/es\/politica-de-privacidade\/\"]]}]},{\"@type\":\"BreadcrumbList\",\"@id\":\"https:\/\/www.econstrup.com\/es\/politica-de-privacidade\/#breadcrumb\",\"itemListElement\":[{\"@type\":\"ListItem\",\"position\":1,\"name\":\"Home\",\"item\":\"https:\/\/www.econstrup.com\/es\/\"},{\"@type\":\"ListItem\",\"position\":2,\"name\":\"Pol\u00edtica de Privacidade\"}]},{\"@type\":\"WebSite\",\"@id\":\"https:\/\/www.econstrup.com\/es\/#website\",\"url\":\"https:\/\/www.econstrup.com\/es\/\",\"name\":\"eConstrUp\",\"description\":\"Software online para la construcci\u00f3n\",\"potentialAction\":[{\"@type\":\"SearchAction\",\"target\":{\"@type\":\"EntryPoint\",\"urlTemplate\":\"https:\/\/www.econstrup.com\/es\/?s={search_term_string}\"},\"query-input\":{\"@type\":\"PropertyValueSpecification\",\"valueRequired\":true,\"valueName\":\"search_term_string\"}}],\"inLanguage\":\"es\"}]}<\/script>\n<!-- \/ Yoast SEO plugin. -->","yoast_head_json":{"title":"Pol\u00edtica de Privacidade - eConstrUp","robots":{"index":"index","follow":"follow","max-snippet":"max-snippet:-1","max-image-preview":"max-image-preview:large","max-video-preview":"max-video-preview:-1"},"canonical":"https:\/\/www.econstrup.com\/es\/politica-de-privacidade\/","og_locale":"es_ES","og_type":"article","og_title":"Pol\u00edtica de Privacidade - eConstrUp","og_description":"Disculpa, pero esta entrada est\u00e1 disponible s\u00f3lo en Portugu\u00eas y English. O eConstrUp\u00a0colecta dados pessoais ao serem preenchidos os formul\u00e1rios do s\u00edtio www.econstrup.com. O eConstrUp protege a sua privacidade ao guardar os seus dados numa base de dados, de natureza confidencial, que n\u00e3o ser\u00e3o partilhados...","og_url":"https:\/\/www.econstrup.com\/es\/politica-de-privacidade\/","og_site_name":"eConstrUp","article_modified_time":"2016-11-23T16:59:37+00:00","twitter_card":"summary_large_image","twitter_misc":{"Tiempo de lectura":"1 minuto"},"schema":{"@context":"https:\/\/schema.org","@graph":[{"@type":"WebPage","@id":"https:\/\/www.econstrup.com\/es\/politica-de-privacidade\/","url":"https:\/\/www.econstrup.com\/es\/politica-de-privacidade\/","name":"Pol\u00edtica de Privacidade - eConstrUp","isPartOf":{"@id":"https:\/\/www.econstrup.com\/es\/#website"},"datePublished":"2016-11-23T12:09:41+00:00","dateModified":"2016-11-23T16:59:37+00:00","breadcrumb":{"@id":"https:\/\/www.econstrup.com\/es\/politica-de-privacidade\/#breadcrumb"},"inLanguage":"es","potentialAction":[{"@type":"ReadAction","target":[["https:\/\/www.econstrup.com\/es\/politica-de-privacidade\/"]]}]},{"@type":"BreadcrumbList","@id":"https:\/\/www.econstrup.com\/es\/politica-de-privacidade\/#breadcrumb","itemListElement":[{"@type":"ListItem","position":1,"name":"Home","item":"https:\/\/www.econstrup.com\/es\/"},{"@type":"ListItem","position":2,"name":"Pol\u00edtica de Privacidade"}]},{"@type":"WebSite","@id":"https:\/\/www.econstrup.com\/es\/#website","url":"https:\/\/www.econstrup.com\/es\/","name":"eConstrUp","description":"Software online para la construcci\u00f3n","potentialAction":[{"@type":"SearchAction","target":{"@type":"EntryPoint","urlTemplate":"https:\/\/www.econstrup.com\/es\/?s={search_term_string}"},"query-input":{"@type":"PropertyValueSpecification","valueRequired":true,"valueName":"search_term_string"}}],"inLanguage":"es"}]}},"_links":{"self":[{"href":"https:\/\/www.econstrup.com\/es\/wp-json\/wp\/v2\/pages\/51698","targetHints":{"allow":["GET"]}}],"collection":[{"href":"https:\/\/www.econstrup.com\/es\/wp-json\/wp\/v2\/pages"}],"about":[{"href":"https:\/\/www.econstrup.com\/es\/wp-json\/wp\/v2\/types\/page"}],"author":[{"embeddable":true,"href":"https:\/\/www.econstrup.com\/es\/wp-json\/wp\/v2\/users\/1"}],"replies":[{"embeddable":true,"href":"https:\/\/www.econstrup.com\/es\/wp-json\/wp\/v2\/comments?post=51698"}],"version-history":[{"count":3,"href":"https:\/\/www.econstrup.com\/es\/wp-json\/wp\/v2\/pages\/51698\/revisions"}],"predecessor-version":[{"id":51705,"href":"https:\/\/www.econstrup.com\/es\/wp-json\/wp\/v2\/pages\/51698\/revisions\/51705"}],"wp:attachment":[{"href":"https:\/\/www.econstrup.com\/es\/wp-json\/wp\/v2\/media?parent=51698"}],"curies":[{"name":"wp","href":"https:\/\/api.w.org\/{rel}","templated":true}]}}