{"id":51149,"date":"2015-06-11T16:13:22","date_gmt":"2015-06-11T16:13:22","guid":{"rendered":"http:\/\/www.econstrup.com\/?page_id=51149"},"modified":"2023-08-05T14:22:15","modified_gmt":"2023-08-05T14:22:15","slug":"portugues-aderir","status":"publish","type":"page","link":"https:\/\/www.econstrup.com\/es\/portugues-pedidos-de-informacao-ou-de-adesao\/","title":{"rendered":"Pedidos de informa\u00e7\u00e3o ou de ades\u00e3o"},"content":{"rendered":"<p class=\"qtranxs-available-languages-message qtranxs-available-languages-message-es\">Disculpa, pero esta entrada est\u00e1 disponible s\u00f3lo en <a href=\"https:\/\/www.econstrup.com\/pt\/wp-json\/wp\/v2\/pages\/51149\" class=\"qtranxs-available-language-link qtranxs-available-language-link-pt\" title=\"Portugu\u00eas\">Portugu\u00eas<\/a>.<\/p>\n<div      class=\"vc_row wpb_row section vc_row-fluid grid_section\" style=' padding-top:60px; padding-bottom:40px; text-align:left;'><div class=\" section_inner clearfix\"><div class='section_inner_margin clearfix'><div class=\"wpb_column vc_column_container vc_col-sm-8\"><div class=\"wpb_wrapper\">\n\t<div class=\"wpb_text_column wpb_content_element \">\n\t\t<div class=\"wpb_wrapper\">\n\t\t\t<div class=\"wpcf7 no-js\" id=\"wpcf7-f51503-o1\" lang=\"en-US\" dir=\"ltr\" data-wpcf7-id=\"51503\">\n<div class=\"screen-reader-response\"><p role=\"status\" aria-live=\"polite\" aria-atomic=\"true\"><\/p> <ul><\/ul><\/div>\n<form action=\"\/es\/wp-json\/wp\/v2\/pages\/51149#wpcf7-f51503-o1\" method=\"post\" class=\"wpcf7-form init cf7_custom_style_1\" aria-label=\"Contact form\" novalidate=\"novalidate\" data-status=\"init\">\n<fieldset class=\"hidden-fields-container\"><input type=\"hidden\" name=\"_wpcf7\" value=\"51503\" \/><input type=\"hidden\" name=\"_wpcf7_version\" value=\"6.1.5\" \/><input type=\"hidden\" name=\"_wpcf7_locale\" value=\"en_US\" \/><input type=\"hidden\" name=\"_wpcf7_unit_tag\" value=\"wpcf7-f51503-o1\" \/><input type=\"hidden\" name=\"_wpcf7_container_post\" value=\"0\" \/><input type=\"hidden\" name=\"_wpcf7_posted_data_hash\" value=\"\" \/><input type=\"hidden\" name=\"_wpcf7_recaptcha_response\" value=\"\" \/>\n<\/fieldset>\n<p>O seu nome (preenchimento obrigat\u00f3rio)\n<\/p>\n<p><span class=\"wpcf7-form-control-wrap\" data-name=\"your-name\"><input size=\"40\" maxlength=\"400\" class=\"wpcf7-form-control wpcf7-text wpcf7-validates-as-required\" aria-required=\"true\" aria-invalid=\"false\" value=\"\" type=\"text\" name=\"your-name\" \/><\/span>\n<\/p>\n<p>O seu endere\u00e7o de email (preenchimento obrigat\u00f3rio)\n<\/p>\n<p><span class=\"wpcf7-form-control-wrap\" data-name=\"your-email\"><input size=\"40\" maxlength=\"400\" class=\"wpcf7-form-control wpcf7-email wpcf7-validates-as-required wpcf7-text wpcf7-validates-as-email\" aria-required=\"true\" aria-invalid=\"false\" value=\"\" type=\"email\" name=\"your-email\" \/><\/span>\n<\/p>\n<p>O seu n\u00famero de telefone (preenchimento obrigat\u00f3rio)\n<\/p>\n<p><span class=\"wpcf7-form-control-wrap\" data-name=\"tel-321\"><input size=\"40\" maxlength=\"400\" class=\"wpcf7-form-control wpcf7-tel wpcf7-validates-as-required wpcf7-text wpcf7-validates-as-tel\" aria-required=\"true\" aria-invalid=\"false\" value=\"\" type=\"tel\" name=\"tel-321\" \/><\/span>\n<\/p>\n<p>Assunto\n<\/p>\n<p><span class=\"wpcf7-form-control-wrap\" data-name=\"your-subject\"><input size=\"40\" maxlength=\"400\" class=\"wpcf7-form-control wpcf7-text\" aria-invalid=\"false\" value=\"\" type=\"text\" name=\"your-subject\" \/><\/span>\n<\/p>\n<p>A sua mensagem\n<\/p>\n<p><span class=\"wpcf7-form-control-wrap\" data-name=\"your-message\"><textarea cols=\"40\" rows=\"10\" maxlength=\"2000\" class=\"wpcf7-form-control wpcf7-textarea\" aria-invalid=\"false\" name=\"your-message\"><\/textarea><\/span>\n<\/p>\n<p><input class=\"wpcf7-form-control wpcf7-submit has-spinner\" type=\"submit\" value=\"Enviar\" \/>\n<\/p><p style=\"display: none !important;\" class=\"akismet-fields-container\" data-prefix=\"_wpcf7_ak_\"><label>&#916;<textarea name=\"_wpcf7_ak_hp_textarea\" cols=\"45\" rows=\"8\" maxlength=\"100\"><\/textarea><\/label><input type=\"hidden\" id=\"ak_js_1\" name=\"_wpcf7_ak_js\" value=\"153\"\/><script>document.getElementById( \"ak_js_1\" ).setAttribute( \"value\", ( new Date() ).getTime() );<\/script><\/p><div class=\"wpcf7-response-output\" aria-hidden=\"true\"><\/div>\n<\/form>\n<\/div>\n<div class=\"separator  transparent center  \" style=\"margin-top:20px;margin-bottom:0px\"><\/div>\n\n\t\t<\/div> \n\t<\/div> <\/div><\/div><div class=\"wpb_column vc_column_container vc_col-sm-4\"><div class=\"wpb_wrapper\"><div class=\"separator  transparent center  \" style=\"margin-top:29px;margin-bottom:0px\"><\/div>\n\n\t<div class=\"wpb_text_column wpb_content_element \">\n\t\t<div class=\"wpb_wrapper\">\n\t\t\t<h3>Contacte-nos<\/h3>\n\n\t\t<\/div> \n\t<\/div> <div class=\"separator  transparent center  \" style=\"margin-top:28px;margin-bottom:0px\"><\/div>\n\n\t<div class=\"wpb_text_column wpb_content_element \">\n\t\t<div class=\"wpb_wrapper\">\n\t\t\t<p>Entre em contacto connosco para saber mais sobre o nosso <em>software\u00a0<\/em>\/ servi\u00e7o <em>online<\/em>.<\/p>\n<p>N\u00e3o hesite em contactar-nos para solicitar mais informa\u00e7\u00f5es acerca do nosso produto ou mesmo para nos apresentar alguma sugest\u00e3o que lhe pare\u00e7a pertinente.<\/p>\n\n\t\t<\/div> \n\t<\/div> <div class=\"separator  transparent center  \" style=\"margin-top:29px;margin-bottom:0px\"><\/div>\n<div class='q_elements_holder two_columns responsive_mode_from_768' ><div class='q_elements_item vertical_alignment_middle ' data-animation='no'><div class='q_elements_item_inner'><div class='q_elements_item_content q_elements_inner_1089520737' style='text-align:left;'>\n\t<div class=\"wpb_text_column wpb_content_element \">\n\t\t<div class=\"wpb_wrapper\">\n\t\t\t<p><span style=\"color: #000000;\">Morada:<br \/> Av. Rui Nogueira Sim\u00f5es, Loja 10A\u00a0<\/span><\/p>\n<p>1600-868 Lisboa<\/p>\n<p>Portugal<\/p>\n\n\t\t<\/div> \n\t<\/div> <\/div><\/div><\/div><div class='q_elements_item vertical_alignment_middle ' data-animation='no'><div class='q_elements_item_inner'><div class='q_elements_item_content q_elements_inner_549503708' style='text-align:left;'>\n\t<div class=\"wpb_text_column wpb_content_element \">\n\t\t<div class=\"wpb_wrapper\">\n\t\t\t<p><span style=\"color: #000000;\">E-mail: <a href=\"mailto:info@econstrup.com\">info@econstrup.com<\/a><\/span><\/p>\n<p><span style=\"color: #000000;\">T: +351 21 726 87 34 \/ +351 96 698 64 06<\/span><\/p>\n\n\t\t<\/div> \n\t<\/div> <div class=\"separator  transparent center  \" style=\"margin-top:20px;margin-bottom:0px\"><\/div>\n<\/div><\/div><\/div><\/div><br \/>\n<iframe loading=\"lazy\" src=\"https:\/\/maps.google.com\/?ie=UTF8&amp;q=38.752012,-9.166787&amp;&amp;t=m&amp;z=13&amp;output=embed\" width=\"100%\" height=\"400\" frameborder=\"0\" marginwidth=\"0\" marginheight=\"0\" scrolling=\"no\"><\/iframe><br \/>\n<\/div><\/div><\/div><\/div><\/div><div      class=\"vc_row wpb_row section vc_row-fluid\" style=' text-align:left;'><div class=\" full_section_inner clearfix\"><div class=\"wpb_column vc_column_container vc_col-sm-12\"><div class=\"wpb_wrapper\"><\/div><\/div><\/div><\/div>\n","protected":false},"excerpt":{"rendered":"<p>Disculpa, pero esta entrada est\u00e1 disponible s\u00f3lo en Portugu\u00eas.<\/p>\n","protected":false},"author":3,"featured_media":0,"parent":0,"menu_order":0,"comment_status":"open","ping_status":"open","template":"","meta":{"footnotes":""},"class_list":["post-51149","page","type-page","status-publish","hentry"],"yoast_head":"<!-- This site is optimized with the Yoast SEO plugin v26.9 - https:\/\/yoast.com\/product\/yoast-seo-wordpress\/ -->\n<title>Software para Empresas de Constru\u00e7\u00e3o - Aderir<\/title>\n<meta name=\"description\" content=\"O eConstrUP \u00e9 um software direcionado para empresas de constru\u00e7\u00e3o, com v\u00e1rias funcionalidades, nomeadamente as de consultas e or\u00e7amenta\u00e7\u00e3o.\" \/>\n<meta name=\"robots\" content=\"index, follow, max-snippet:-1, max-image-preview:large, max-video-preview:-1\" \/>\n<link rel=\"canonical\" href=\"https:\/\/www.econstrup.com\/es\/pedidos-de-informacao-ou-de-adesao\/\" \/>\n<meta property=\"og:locale\" content=\"es_ES\" \/>\n<meta property=\"og:type\" content=\"article\" \/>\n<meta property=\"og:title\" content=\"Software para Empresas de Constru\u00e7\u00e3o - Aderir\" \/>\n<meta property=\"og:description\" content=\"O eConstrUP \u00e9 um software direcionado para empresas de constru\u00e7\u00e3o, com v\u00e1rias funcionalidades, nomeadamente as de consultas e or\u00e7amenta\u00e7\u00e3o.\" \/>\n<meta property=\"og:url\" content=\"https:\/\/www.econstrup.com\/es\/pedidos-de-informacao-ou-de-adesao\/\" \/>\n<meta property=\"og:site_name\" content=\"eConstrUp\" \/>\n<meta property=\"article:modified_time\" content=\"2023-08-05T14:22:15+00:00\" \/>\n<meta name=\"twitter:card\" content=\"summary_large_image\" \/>\n<meta name=\"twitter:label1\" content=\"Tiempo de lectura\" \/>\n\t<meta name=\"twitter:data1\" content=\"1 minuto\" \/>\n<script type=\"application\/ld+json\" class=\"yoast-schema-graph\">{\"@context\":\"https:\/\/schema.org\",\"@graph\":[{\"@type\":\"WebPage\",\"@id\":\"https:\/\/www.econstrup.com\/es\/pedidos-de-informacao-ou-de-adesao\/\",\"url\":\"https:\/\/www.econstrup.com\/es\/pedidos-de-informacao-ou-de-adesao\/\",\"name\":\"Software para Empresas de Constru\u00e7\u00e3o - Aderir\",\"isPartOf\":{\"@id\":\"https:\/\/www.econstrup.com\/es\/#website\"},\"datePublished\":\"2015-06-11T16:13:22+00:00\",\"dateModified\":\"2023-08-05T14:22:15+00:00\",\"description\":\"O eConstrUP \u00e9 um software direcionado para empresas de constru\u00e7\u00e3o, com v\u00e1rias funcionalidades, nomeadamente as de consultas e or\u00e7amenta\u00e7\u00e3o.\",\"breadcrumb\":{\"@id\":\"https:\/\/www.econstrup.com\/es\/pedidos-de-informacao-ou-de-adesao\/#breadcrumb\"},\"inLanguage\":\"es\",\"potentialAction\":[{\"@type\":\"ReadAction\",\"target\":[[\"https:\/\/www.econstrup.com\/es\/pedidos-de-informacao-ou-de-adesao\/\"]]}]},{\"@type\":\"BreadcrumbList\",\"@id\":\"https:\/\/www.econstrup.com\/es\/pedidos-de-informacao-ou-de-adesao\/#breadcrumb\",\"itemListElement\":[{\"@type\":\"ListItem\",\"position\":1,\"name\":\"Home\",\"item\":\"https:\/\/www.econstrup.com\/es\/\"},{\"@type\":\"ListItem\",\"position\":2,\"name\":\"Pedidos de informa\u00e7\u00e3o ou de ades\u00e3o\"}]},{\"@type\":\"WebSite\",\"@id\":\"https:\/\/www.econstrup.com\/es\/#website\",\"url\":\"https:\/\/www.econstrup.com\/es\/\",\"name\":\"eConstrUp\",\"description\":\"Software online para la construcci\u00f3n\",\"potentialAction\":[{\"@type\":\"SearchAction\",\"target\":{\"@type\":\"EntryPoint\",\"urlTemplate\":\"https:\/\/www.econstrup.com\/es\/?s={search_term_string}\"},\"query-input\":{\"@type\":\"PropertyValueSpecification\",\"valueRequired\":true,\"valueName\":\"search_term_string\"}}],\"inLanguage\":\"es\"}]}<\/script>\n<!-- \/ Yoast SEO plugin. -->","yoast_head_json":{"title":"Software para Empresas de Constru\u00e7\u00e3o - Aderir","description":"O eConstrUP \u00e9 um software direcionado para empresas de constru\u00e7\u00e3o, com v\u00e1rias funcionalidades, nomeadamente as de consultas e or\u00e7amenta\u00e7\u00e3o.","robots":{"index":"index","follow":"follow","max-snippet":"max-snippet:-1","max-image-preview":"max-image-preview:large","max-video-preview":"max-video-preview:-1"},"canonical":"https:\/\/www.econstrup.com\/es\/pedidos-de-informacao-ou-de-adesao\/","og_locale":"es_ES","og_type":"article","og_title":"Software para Empresas de Constru\u00e7\u00e3o - Aderir","og_description":"O eConstrUP \u00e9 um software direcionado para empresas de constru\u00e7\u00e3o, com v\u00e1rias funcionalidades, nomeadamente as de consultas e or\u00e7amenta\u00e7\u00e3o.","og_url":"https:\/\/www.econstrup.com\/es\/pedidos-de-informacao-ou-de-adesao\/","og_site_name":"eConstrUp","article_modified_time":"2023-08-05T14:22:15+00:00","twitter_card":"summary_large_image","twitter_misc":{"Tiempo de lectura":"1 minuto"},"schema":{"@context":"https:\/\/schema.org","@graph":[{"@type":"WebPage","@id":"https:\/\/www.econstrup.com\/es\/pedidos-de-informacao-ou-de-adesao\/","url":"https:\/\/www.econstrup.com\/es\/pedidos-de-informacao-ou-de-adesao\/","name":"Software para Empresas de Constru\u00e7\u00e3o - Aderir","isPartOf":{"@id":"https:\/\/www.econstrup.com\/es\/#website"},"datePublished":"2015-06-11T16:13:22+00:00","dateModified":"2023-08-05T14:22:15+00:00","description":"O eConstrUP \u00e9 um software direcionado para empresas de constru\u00e7\u00e3o, com v\u00e1rias funcionalidades, nomeadamente as de consultas e or\u00e7amenta\u00e7\u00e3o.","breadcrumb":{"@id":"https:\/\/www.econstrup.com\/es\/pedidos-de-informacao-ou-de-adesao\/#breadcrumb"},"inLanguage":"es","potentialAction":[{"@type":"ReadAction","target":[["https:\/\/www.econstrup.com\/es\/pedidos-de-informacao-ou-de-adesao\/"]]}]},{"@type":"BreadcrumbList","@id":"https:\/\/www.econstrup.com\/es\/pedidos-de-informacao-ou-de-adesao\/#breadcrumb","itemListElement":[{"@type":"ListItem","position":1,"name":"Home","item":"https:\/\/www.econstrup.com\/es\/"},{"@type":"ListItem","position":2,"name":"Pedidos de informa\u00e7\u00e3o ou de ades\u00e3o"}]},{"@type":"WebSite","@id":"https:\/\/www.econstrup.com\/es\/#website","url":"https:\/\/www.econstrup.com\/es\/","name":"eConstrUp","description":"Software online para la construcci\u00f3n","potentialAction":[{"@type":"SearchAction","target":{"@type":"EntryPoint","urlTemplate":"https:\/\/www.econstrup.com\/es\/?s={search_term_string}"},"query-input":{"@type":"PropertyValueSpecification","valueRequired":true,"valueName":"search_term_string"}}],"inLanguage":"es"}]}},"_links":{"self":[{"href":"https:\/\/www.econstrup.com\/es\/wp-json\/wp\/v2\/pages\/51149","targetHints":{"allow":["GET"]}}],"collection":[{"href":"https:\/\/www.econstrup.com\/es\/wp-json\/wp\/v2\/pages"}],"about":[{"href":"https:\/\/www.econstrup.com\/es\/wp-json\/wp\/v2\/types\/page"}],"author":[{"embeddable":true,"href":"https:\/\/www.econstrup.com\/es\/wp-json\/wp\/v2\/users\/3"}],"replies":[{"embeddable":true,"href":"https:\/\/www.econstrup.com\/es\/wp-json\/wp\/v2\/comments?post=51149"}],"version-history":[{"count":43,"href":"https:\/\/www.econstrup.com\/es\/wp-json\/wp\/v2\/pages\/51149\/revisions"}],"predecessor-version":[{"id":51725,"href":"https:\/\/www.econstrup.com\/es\/wp-json\/wp\/v2\/pages\/51149\/revisions\/51725"}],"wp:attachment":[{"href":"https:\/\/www.econstrup.com\/es\/wp-json\/wp\/v2\/media?parent=51149"}],"curies":[{"name":"wp","href":"https:\/\/api.w.org\/{rel}","templated":true}]}}