{"id":51157,"date":"2015-06-11T16:15:46","date_gmt":"2015-06-11T16:15:46","guid":{"rendered":"http:\/\/www.econstrup.com\/?page_id=51157"},"modified":"2026-03-07T01:54:55","modified_gmt":"2026-03-07T01:54:55","slug":"portugues-precos-2","status":"publish","type":"page","link":"https:\/\/www.econstrup.com\/en\/custo-de-adesao\/","title":{"rendered":"Custo de Ades\u00e3o"},"content":{"rendered":"<p class=\"qtranxs-available-languages-message qtranxs-available-languages-message-en\">Sorry, this entry is only available in <a href=\"https:\/\/www.econstrup.com\/pt\/wp-json\/wp\/v2\/pages\/51157\" class=\"qtranxs-available-language-link qtranxs-available-language-link-pt\" title=\"Portugu\u00eas\">Portugu\u00eas<\/a>.<\/p>\n<div      class=\"vc_row wpb_row section vc_row-fluid\" style=' text-align:left;'><div class=\" full_section_inner clearfix\"><div class=\"wpb_column vc_column_container vc_col-sm-12\"><div class=\"wpb_wrapper\">\n\t<div class=\"wpb_text_column wpb_content_element \">\n\t\t<div class=\"wpb_wrapper\">\n\t\t\t<h4><strong>N\u00e3o tem qualquer custo de ades\u00e3o. \u00a0Poder\u00e1 experimentar gr\u00e1tis durante 1 m\u00eas e sem compromisso. \u00a0<\/strong><strong>Ap\u00f3s o per\u00edodo experimental,\u00a0e caso deseje continuar a usufruir do servi\u00e7o, iniciar\u00e1 o pagamento de um dos tarif\u00e1rios apresentados abaixo.<\/strong><\/h4>\n\n\t\t<\/div> \n\t<\/div>     <div class=\"vc_empty_space\"  style=\"height: 32px\" ><span class=\"vc_empty_space_inner\"><div class=\"empty_space_image\"\r\n                 ><\/div>\r\n<\/span><\/div>\r\n\n<\/div><\/div><\/div><\/div><div      class=\"vc_row wpb_row section vc_row-fluid\" style=' text-align:left;'><div class=\" full_section_inner clearfix\"><div class=\"wpb_column vc_column_container vc_col-sm-3\"><div class=\"wpb_wrapper\"><div class=\"qode_pricing_tables clearfix two_columns\"><div class='q_price_table  title_on_top' ><div class='price_table_inner' ><ul style=''><li class='cell table_title ' ><span class='title_content' >Plano Mensal<\/span><\/li><li class='prices' ><div class='price_in_table'><sup class='value'>\u20ac<\/sup><span class='price' >50<\/span><span class='mark'>\/ m\u00eas<\/span><\/div><\/li><li class='pricing_table_content' style=' '><\/p>\n<ul>\n<li>0% desconto<\/li>\n<li><a href=\"https:\/\/app.econstrup.com\/register\" target=\"_blank\" rel=\"noopener\">Experimentar Agora! <i class=\"fa fa-angle-double-right\"><\/i><\/a><\/li>\n<\/ul>\n<p><\/li><\/ul><\/div><\/div><\/div><\/div><\/div><div class=\"wpb_column vc_column_container vc_col-sm-3\"><div class=\"wpb_wrapper\"><div class=\"qode_pricing_tables clearfix two_columns\"><div class='q_price_table  title_on_top' ><div class='price_table_inner' ><ul style=''><li class='cell table_title ' ><span class='title_content' >Plano trimestral<\/span><\/li><li class='prices' ><div class='price_in_table'><sup class='value'>\u20ac<\/sup><span class='price' >142,5<\/span><span class='mark'>\/ trimestre<\/span><\/div><\/li><li class='pricing_table_content' style=' '><\/p>\n<ul>\n<li>5% desconto<\/li>\n<li>equivalente 47,5\u20ac\/m\u00eas<\/li>\n<li><a href=\"https:\/\/app.econstrup.com\/register\" target=\"_blank\" rel=\"noopener\">Subscrever <i class=\"fa fa-angle-double-right\"><\/i><\/a><\/li>\n<\/ul>\n<p><\/li><\/ul><\/div><\/div><\/div><\/div><\/div><div class=\"wpb_column vc_column_container vc_col-sm-3\"><div class=\"wpb_wrapper\"><div class=\"qode_pricing_tables clearfix two_columns\"><div class='q_price_table  title_on_top' ><div class='price_table_inner' ><ul style=''><li class='cell table_title ' ><span class='title_content' >Plano Semestral<\/span><\/li><li class='prices' ><div class='price_in_table'><sup class='value'>\u20ac<\/sup><span class='price' >270<\/span><span class='mark'>\/ semestre<\/span><\/div><\/li><li class='pricing_table_content' style=' '><\/p>\n<ul>\n<li>10% desconto<\/li>\n<li>equivalente 45\u20ac\/m\u00eas<\/li>\n<li><a href=\"https:\/\/app.econstrup.com\/register\" target=\"_blank\" rel=\"noopener\">Subscrever <i class=\"fa fa-angle-double-right\"><\/i><\/a><\/li>\n<\/ul>\n<p><\/li><\/ul><\/div><\/div><\/div><\/div><\/div><div class=\"wpb_column vc_column_container vc_col-sm-3\"><div class=\"wpb_wrapper\"><div class=\"qode_pricing_tables clearfix two_columns\"><div class='q_price_table  title_on_top' ><div class='price_table_inner' ><ul style=''><li class='cell table_title ' ><span class='title_content' >Plano anual<\/span><\/li><li class='prices' ><div class='price_in_table'><sup class='value'>\u20ac<\/sup><span class='price' >480<\/span><span class='mark'>\/ ano<\/span><\/div><\/li><li class='pricing_table_content' style=' '><\/p>\n<ul>\n<li>20% desconto<\/li>\n<li>equivalente 40\u20ac\/m\u00eas<\/li>\n<li><a href=\"https:\/\/app.econstrup.com\/register\" target=\"_blank\" rel=\"noopener\">Subscrever <i class=\"fa fa-angle-double-right\"><\/i><\/a><\/li>\n<\/ul>\n<p><\/li><\/ul><\/div><\/div><\/div><\/div><\/div><\/div><\/div><div      class=\"vc_row wpb_row section vc_row-fluid\" style=' text-align:left;'><div class=\" full_section_inner clearfix\"><div class=\"wpb_column vc_column_container vc_col-sm-12\"><div class=\"wpb_wrapper\">    <div class=\"vc_empty_space\"  style=\"height: 32px\" ><span class=\"vc_empty_space_inner\"><div class=\"empty_space_image\"\r\n                 ><\/div>\r\n<\/span><\/div>\r\n\n<div class=\"separator  normal center  \" style=\"\"><\/div>\n    <div class=\"vc_empty_space\"  style=\"height: 32px\" ><span class=\"vc_empty_space_inner\"><div class=\"empty_space_image\"\r\n                 ><\/div>\r\n<\/span><\/div>\r\n\n<\/div><\/div><\/div><\/div><div      class=\"vc_row wpb_row section vc_row-fluid\" style=' text-align:left;'><div class=\" full_section_inner clearfix\"><div class=\"wpb_column vc_column_container vc_col-sm-6\"><div class=\"wpb_wrapper\">\n\t<div class=\"wpb_single_image wpb_content_element vc_align_center\">\n\t\t<div>\n\t\t<div class=\"wpb_wrapper\">\n\t\t\t\n\t\t\t<img loading=\"lazy\" decoding=\"async\" width=\"300\" height=\"296\" src=\"https:\/\/www.econstrup.com\/wp-content\/uploads\/2015\/06\/Site-original-Imagem-1-menu-DESCARREGAMENTOS-300x296.jpg\" class=\" vc_box_border_grey attachment-medium\" alt=\"Software de constru\u00e7\u00e3o Software para consultas Software de or\u00e7amenta\u00e7\u00e3o Software para or\u00e7amentos\" srcset=\"https:\/\/www.econstrup.com\/wp-content\/uploads\/2015\/06\/Site-original-Imagem-1-menu-DESCARREGAMENTOS-300x296.jpg 300w, https:\/\/www.econstrup.com\/wp-content\/uploads\/2015\/06\/Site-original-Imagem-1-menu-DESCARREGAMENTOS.jpg 350w\" sizes=\"auto, (max-width: 300px) 100vw, 300px\" \/>\n\t\t<\/div> \n\t\t<\/div>\n\t<\/div> <\/div><\/div><div class=\"wpb_column vc_column_container vc_col-sm-6\"><div class=\"wpb_wrapper\">\n\t<div class=\"wpb_text_column wpb_content_element \">\n\t\t<div class=\"wpb_wrapper\">\n\t\t\t<h3 class=\"font_7\"><strong>O FUTURO CHEGOU!<\/strong><\/h3>\n<h4 class=\"font_7\"><\/h4>\n\n\t\t<\/div> \n\t<\/div>     <div class=\"vc_empty_space\"  style=\"height: 32px\" ><span class=\"vc_empty_space_inner\"><div class=\"empty_space_image\"\r\n                 ><\/div>\r\n<\/span><\/div>\r\n\n\n\t<div class=\"wpb_text_column wpb_content_element \">\n\t\t<div class=\"wpb_wrapper\">\n\t\t\t<h4 class=\"font_7\"><strong>N\u00e3o tem <em>downloads<\/em>. Est\u00e1 tudo <em>online<\/em> na nuvem, dispon\u00edvel 24h \/ dia.<\/strong><\/h4>\n<h4 class=\"font_7\"><strong>Isto significa\u00a0que n\u00e3o precisa fazer <em>upgrades<\/em>.<\/strong><\/h4>\n<h4 class=\"font_7\"><strong>As melhorias s\u00e3o disponibilizadas automaticamente <em>online<\/em>.<\/strong><\/h4>\n<h4 class=\"font_7\"><strong>Tudo acess\u00edvel \u00fanica e exclusivamente atrav\u00e9s\u00a0da sua palavra passe.<\/strong><\/h4>\n<h4 class=\"font_7\"><strong>F\u00e1cil e simples!<\/strong><\/h4>\n\n\t\t<\/div> \n\t<\/div> <\/div><\/div><\/div><\/div><div      class=\"vc_row wpb_row section vc_row-fluid\" style=' text-align:left;'><div class=\" full_section_inner clearfix\"><div class=\"wpb_column vc_column_container vc_col-sm-12\"><div class=\"wpb_wrapper\">    <div class=\"vc_empty_space\"  style=\"height: 32px\" ><span class=\"vc_empty_space_inner\"><div class=\"empty_space_image\"\r\n                 ><\/div>\r\n<\/span><\/div>\r\n\n<\/div><\/div><\/div><\/div>\n","protected":false},"excerpt":{"rendered":"<p>Sorry, this entry is only available in Portugu\u00eas.<\/p>\n","protected":false},"author":3,"featured_media":0,"parent":0,"menu_order":0,"comment_status":"open","ping_status":"open","template":"","meta":{"footnotes":""},"class_list":["post-51157","page","type-page","status-publish","hentry"],"yoast_head":"<!-- This site is optimized with the Yoast SEO plugin v26.9 - https:\/\/yoast.com\/product\/yoast-seo-wordpress\/ -->\n<title>Software para Constru\u00e7\u00e3o - Tarif\u00e1rio<\/title>\n<meta name=\"description\" content=\"O eConstrUP \u00e9 um software direcionado para empresas de constru\u00e7\u00e3o, com v\u00e1rias funcionalidades, nomeadamente as de consultas e or\u00e7amenta\u00e7\u00e3o.\" \/>\n<meta name=\"robots\" content=\"index, follow, max-snippet:-1, max-image-preview:large, max-video-preview:-1\" \/>\n<link rel=\"canonical\" href=\"https:\/\/www.econstrup.com\/en\/custo-de-adesao\/\" \/>\n<meta property=\"og:locale\" content=\"en_US\" \/>\n<meta property=\"og:type\" content=\"article\" \/>\n<meta property=\"og:title\" content=\"Software para Constru\u00e7\u00e3o - Tarif\u00e1rio\" \/>\n<meta property=\"og:description\" content=\"O eConstrUP \u00e9 um software direcionado para empresas de constru\u00e7\u00e3o, com v\u00e1rias funcionalidades, nomeadamente as de consultas e or\u00e7amenta\u00e7\u00e3o.\" \/>\n<meta property=\"og:url\" content=\"https:\/\/www.econstrup.com\/en\/custo-de-adesao\/\" \/>\n<meta property=\"og:site_name\" content=\"eConstrUp\" \/>\n<meta property=\"article:modified_time\" content=\"2026-03-07T01:54:55+00:00\" \/>\n<meta property=\"og:image\" content=\"https:\/\/www.econstrup.com\/wp-content\/uploads\/2015\/06\/Site-original-Imagem-1-menu-DESCARREGAMENTOS-300x296.jpg\" \/>\n<meta name=\"twitter:card\" content=\"summary_large_image\" \/>\n<meta name=\"twitter:label1\" content=\"Est. reading time\" \/>\n\t<meta name=\"twitter:data1\" content=\"3 minutes\" \/>\n<script type=\"application\/ld+json\" class=\"yoast-schema-graph\">{\"@context\":\"https:\/\/schema.org\",\"@graph\":[{\"@type\":\"WebPage\",\"@id\":\"https:\/\/www.econstrup.com\/en\/custo-de-adesao\/\",\"url\":\"https:\/\/www.econstrup.com\/en\/custo-de-adesao\/\",\"name\":\"Software para Constru\u00e7\u00e3o - Tarif\u00e1rio\",\"isPartOf\":{\"@id\":\"https:\/\/www.econstrup.com\/en\/#website\"},\"datePublished\":\"2015-06-11T16:15:46+00:00\",\"dateModified\":\"2026-03-07T01:54:55+00:00\",\"description\":\"O eConstrUP \u00e9 um software direcionado para empresas de constru\u00e7\u00e3o, com v\u00e1rias funcionalidades, nomeadamente as de consultas e or\u00e7amenta\u00e7\u00e3o.\",\"breadcrumb\":{\"@id\":\"https:\/\/www.econstrup.com\/en\/custo-de-adesao\/#breadcrumb\"},\"inLanguage\":\"en-US\",\"potentialAction\":[{\"@type\":\"ReadAction\",\"target\":[[\"https:\/\/www.econstrup.com\/en\/custo-de-adesao\/\"]]}]},{\"@type\":\"BreadcrumbList\",\"@id\":\"https:\/\/www.econstrup.com\/en\/custo-de-adesao\/#breadcrumb\",\"itemListElement\":[{\"@type\":\"ListItem\",\"position\":1,\"name\":\"Home\",\"item\":\"https:\/\/www.econstrup.com\/en\/\"},{\"@type\":\"ListItem\",\"position\":2,\"name\":\"Custo de Ades\u00e3o\"}]},{\"@type\":\"WebSite\",\"@id\":\"https:\/\/www.econstrup.com\/en\/#website\",\"url\":\"https:\/\/www.econstrup.com\/en\/\",\"name\":\"eConstrUp\",\"description\":\"Online software for construction companies\",\"potentialAction\":[{\"@type\":\"SearchAction\",\"target\":{\"@type\":\"EntryPoint\",\"urlTemplate\":\"https:\/\/www.econstrup.com\/en\/?s={search_term_string}\"},\"query-input\":{\"@type\":\"PropertyValueSpecification\",\"valueRequired\":true,\"valueName\":\"search_term_string\"}}],\"inLanguage\":\"en-US\"}]}<\/script>\n<!-- \/ Yoast SEO plugin. -->","yoast_head_json":{"title":"Software para Constru\u00e7\u00e3o - Tarif\u00e1rio","description":"O eConstrUP \u00e9 um software direcionado para empresas de constru\u00e7\u00e3o, com v\u00e1rias funcionalidades, nomeadamente as de consultas e or\u00e7amenta\u00e7\u00e3o.","robots":{"index":"index","follow":"follow","max-snippet":"max-snippet:-1","max-image-preview":"max-image-preview:large","max-video-preview":"max-video-preview:-1"},"canonical":"https:\/\/www.econstrup.com\/en\/custo-de-adesao\/","og_locale":"en_US","og_type":"article","og_title":"Software para Constru\u00e7\u00e3o - Tarif\u00e1rio","og_description":"O eConstrUP \u00e9 um software direcionado para empresas de constru\u00e7\u00e3o, com v\u00e1rias funcionalidades, nomeadamente as de consultas e or\u00e7amenta\u00e7\u00e3o.","og_url":"https:\/\/www.econstrup.com\/en\/custo-de-adesao\/","og_site_name":"eConstrUp","article_modified_time":"2026-03-07T01:54:55+00:00","og_image":[{"url":"https:\/\/www.econstrup.com\/wp-content\/uploads\/2015\/06\/Site-original-Imagem-1-menu-DESCARREGAMENTOS-300x296.jpg","type":"","width":"","height":""}],"twitter_card":"summary_large_image","twitter_misc":{"Est. reading time":"3 minutes"},"schema":{"@context":"https:\/\/schema.org","@graph":[{"@type":"WebPage","@id":"https:\/\/www.econstrup.com\/en\/custo-de-adesao\/","url":"https:\/\/www.econstrup.com\/en\/custo-de-adesao\/","name":"Software para Constru\u00e7\u00e3o - Tarif\u00e1rio","isPartOf":{"@id":"https:\/\/www.econstrup.com\/en\/#website"},"datePublished":"2015-06-11T16:15:46+00:00","dateModified":"2026-03-07T01:54:55+00:00","description":"O eConstrUP \u00e9 um software direcionado para empresas de constru\u00e7\u00e3o, com v\u00e1rias funcionalidades, nomeadamente as de consultas e or\u00e7amenta\u00e7\u00e3o.","breadcrumb":{"@id":"https:\/\/www.econstrup.com\/en\/custo-de-adesao\/#breadcrumb"},"inLanguage":"en-US","potentialAction":[{"@type":"ReadAction","target":[["https:\/\/www.econstrup.com\/en\/custo-de-adesao\/"]]}]},{"@type":"BreadcrumbList","@id":"https:\/\/www.econstrup.com\/en\/custo-de-adesao\/#breadcrumb","itemListElement":[{"@type":"ListItem","position":1,"name":"Home","item":"https:\/\/www.econstrup.com\/en\/"},{"@type":"ListItem","position":2,"name":"Custo de Ades\u00e3o"}]},{"@type":"WebSite","@id":"https:\/\/www.econstrup.com\/en\/#website","url":"https:\/\/www.econstrup.com\/en\/","name":"eConstrUp","description":"Online software for construction companies","potentialAction":[{"@type":"SearchAction","target":{"@type":"EntryPoint","urlTemplate":"https:\/\/www.econstrup.com\/en\/?s={search_term_string}"},"query-input":{"@type":"PropertyValueSpecification","valueRequired":true,"valueName":"search_term_string"}}],"inLanguage":"en-US"}]}},"_links":{"self":[{"href":"https:\/\/www.econstrup.com\/en\/wp-json\/wp\/v2\/pages\/51157","targetHints":{"allow":["GET"]}}],"collection":[{"href":"https:\/\/www.econstrup.com\/en\/wp-json\/wp\/v2\/pages"}],"about":[{"href":"https:\/\/www.econstrup.com\/en\/wp-json\/wp\/v2\/types\/page"}],"author":[{"embeddable":true,"href":"https:\/\/www.econstrup.com\/en\/wp-json\/wp\/v2\/users\/3"}],"replies":[{"embeddable":true,"href":"https:\/\/www.econstrup.com\/en\/wp-json\/wp\/v2\/comments?post=51157"}],"version-history":[{"count":43,"href":"https:\/\/www.econstrup.com\/en\/wp-json\/wp\/v2\/pages\/51157\/revisions"}],"predecessor-version":[{"id":51755,"href":"https:\/\/www.econstrup.com\/en\/wp-json\/wp\/v2\/pages\/51157\/revisions\/51755"}],"wp:attachment":[{"href":"https:\/\/www.econstrup.com\/en\/wp-json\/wp\/v2\/media?parent=51157"}],"curies":[{"name":"wp","href":"https:\/\/api.w.org\/{rel}","templated":true}]}}