{"id":51145,"date":"2015-06-11T16:12:21","date_gmt":"2015-06-11T16:12:21","guid":{"rendered":"http:\/\/www.econstrup.com\/?page_id=51145"},"modified":"2015-07-11T12:36:05","modified_gmt":"2015-07-11T12:36:05","slug":"portugues-precos","status":"publish","type":"page","link":"https:\/\/www.econstrup.com\/en\/portugues-precos\/","title":{"rendered":"A SEGURAN\u00c7A \u00c9 UMA DAS PRIORIDADES"},"content":{"rendered":"<p class=\"qtranxs-available-languages-message qtranxs-available-languages-message-en\">Sorry, this entry is only available in <a href=\"https:\/\/www.econstrup.com\/pt\/wp-json\/wp\/v2\/pages\/51145\" class=\"qtranxs-available-language-link qtranxs-available-language-link-pt\" title=\"Portugu\u00eas\">Portugu\u00eas<\/a>.<\/p>\n<div      class=\"vc_row wpb_row section vc_row-fluid\" style=' text-align:left;'><div class=\" full_section_inner clearfix\"><div class=\"wpb_column vc_column_container vc_col-sm-12\"><div class=\"wpb_wrapper\">\n\t<div class=\"wpb_text_column wpb_content_element \">\n\t\t<div class=\"wpb_wrapper\">\n\t\t\t<h4 class=\"font_2\"><strong>Consideramos que a seguran\u00e7a dos seus dados\u00a0\u00e9\u00a0priorit\u00e1ria, raz\u00e3o pela qual implement\u00e1mos os melhores m\u00e9todos de seguran\u00e7a, prote\u00e7\u00e3o e recupera\u00e7\u00e3o inform\u00e1tica de dados no nosso <em>software<\/em> de consultas e or\u00e7amenta\u00e7\u00e3o.<\/strong><\/h4>\n<div id=\"hyrmwlqr\" class=\"s1\" data-reactid=\".0.$SITE_ROOT.$desktop_siteRoot.$PAGES_CONTAINER.1.1.$SITE_PAGES.$c17g1.1.$hyrmwlqr\"><\/div>\n<div id=\"hyrmwrbe\" class=\"s1\" data-reactid=\".0.$SITE_ROOT.$desktop_siteRoot.$PAGES_CONTAINER.1.1.$SITE_PAGES.$c17g1.1.$hyrmwrbe\"><\/div>\n\n\t\t<\/div> \n\t<\/div> <div class=\"separator  normal center  \" style=\"border-color: grey\"><\/div>\n<\/div><\/div><\/div><\/div><div      class=\"vc_row wpb_row section vc_row-fluid\" style=' text-align:left;'><div class=\" full_section_inner clearfix\"><div class=\"wpb_column vc_column_container vc_col-sm-12\"><div class=\"wpb_wrapper\">    <div class=\"vc_empty_space\"  style=\"height: 32px\" ><span class=\"vc_empty_space_inner\"><div class=\"empty_space_image\"\r\n                 ><\/div>\r\n<\/span><\/div>\r\n\n<div class=\"vc_row wpb_row vc_inner vc_row-fluid\"><div class=\"wpb_column vc_column_container vc_col-sm-10\"><div class=\"wpb_wrapper\">\n\t<div class=\"wpb_text_column wpb_content_element \">\n\t\t<div class=\"wpb_wrapper\">\n\t\t\t<div id=\"hyrmwlqr\" class=\"s1\" data-reactid=\".0.$SITE_ROOT.$desktop_siteRoot.$PAGES_CONTAINER.1.1.$SITE_PAGES.$c17g1.1.$hyrmwlqr\"><strong>SEGURAN\u00c7A SSL<\/strong><\/div>\n<div class=\"s1\" data-reactid=\".0.$SITE_ROOT.$desktop_siteRoot.$PAGES_CONTAINER.1.1.$SITE_PAGES.$c17g1.1.$hyrmwlqr\">Todos os dados s\u00e3o cifrados com a cifra 256-bit antes de ser transmitidos pela Internet. Esta \u00e9 a mesma cifra utilizada pelos homebanking.<\/div>\n<div id=\"hyrmwrbe\" class=\"s1\" data-reactid=\".0.$SITE_ROOT.$desktop_siteRoot.$PAGES_CONTAINER.1.1.$SITE_PAGES.$c17g1.1.$hyrmwrbe\">\n<p class=\"font_8\">Desta forma \u00e9 muito dif\u00edcil que algu\u00e9m tenha acesso \u00e0 informa\u00e7\u00e3o enquanto esta navega\u00a0na Internet.<\/p>\n<\/div>\n\n\t\t<\/div> \n\t<\/div> <\/div><\/div><div class=\"wpb_column vc_column_container vc_col-sm-2\"><div class=\"wpb_wrapper\"><div class=\"q_icon \"><span class=\"q_icon_shade q_icon_shortcode font_elegant circle qode_large_icon q_icon_animation\"  ><span aria-hidden=\"true\" class=\"qode_icon_font_elegant icon_shield_alt \" style=\" \" ><\/span><\/span><\/div><\/div><\/div><\/div><div class=\"separator  normal center  \" style=\"\"><\/div>\n    <div class=\"vc_empty_space\"  style=\"height: 32px\" ><span class=\"vc_empty_space_inner\"><div class=\"empty_space_image\"\r\n                 ><\/div>\r\n<\/span><\/div>\r\n\n<div class=\"vc_row wpb_row vc_inner vc_row-fluid\"><div class=\"wpb_column vc_column_container vc_col-sm-10\"><div class=\"wpb_wrapper\">\n\t<div class=\"wpb_text_column wpb_content_element \">\n\t\t<div class=\"wpb_wrapper\">\n\t\t\t<div id=\"hyrmwlqr\" class=\"s1\" data-reactid=\".0.$SITE_ROOT.$desktop_siteRoot.$PAGES_CONTAINER.1.1.$SITE_PAGES.$c17g1.1.$hyrmwlqr\"><strong>PROTE\u00c7\u00c3O DE DADOS<\/strong><\/div>\n<div class=\"s1\" data-reactid=\".0.$SITE_ROOT.$desktop_siteRoot.$PAGES_CONTAINER.1.1.$SITE_PAGES.$c17g1.1.$hyrmwlqr\">\n<div id=\"hyrmx9rq\" class=\"s1\" data-reactid=\".0.$SITE_ROOT.$desktop_siteRoot.$PAGES_CONTAINER.1.1.$SITE_PAGES.$c17g1.1.$hyrmx9rq\">\n<p class=\"font_8\">Ningu\u00e9m tem acesso \u00e0 sua conta, a n\u00e3o ser\u00a0por convite. Pode remover qualquer utilizador sempre que quiser.<\/p>\n<p class=\"font_8\">Ao contr\u00e1rio de uma aplica\u00e7\u00e3o <em>desktop<\/em>, os dados n\u00e3o s\u00e3o armazenados num computador. Se o computador for perdido os dados permanecer\u00e3o em seguran\u00e7a na Internet e s\u00f3 acess\u00edveis atrav\u00e9s de login e password.<\/p>\n<\/div>\n<\/div>\n\n\t\t<\/div> \n\t<\/div> <\/div><\/div><div class=\"wpb_column vc_column_container vc_col-sm-2\"><div class=\"wpb_wrapper\"><div class=\"q_icon \"><span class=\"q_icon_shade q_icon_shortcode font_awesome circle qode_large_icon q_icon_animation\"  ><i class=\"qode_icon_font_awesome fa fa-lock \" style=\" \" ><\/i><\/span><\/div><\/div><\/div><\/div><div class=\"separator  normal center  \" style=\"border-color: grey\"><\/div>\n<\/div><\/div><\/div><\/div><div      class=\"vc_row wpb_row section vc_row-fluid\" style=' text-align:left;'><div class=\" full_section_inner clearfix\"><div class=\"wpb_column vc_column_container vc_col-sm-12\"><div class=\"wpb_wrapper\">    <div class=\"vc_empty_space\"  style=\"height: 32px\" ><span class=\"vc_empty_space_inner\"><div class=\"empty_space_image\"\r\n                 ><\/div>\r\n<\/span><\/div>\r\n\n<div class=\"vc_row wpb_row vc_inner vc_row-fluid\"><div class=\"wpb_column vc_column_container vc_col-sm-10\"><div class=\"wpb_wrapper\">\n\t<div class=\"wpb_text_column wpb_content_element \">\n\t\t<div class=\"wpb_wrapper\">\n\t\t\t<div id=\"hyrmwlqr\" class=\"s1\" data-reactid=\".0.$SITE_ROOT.$desktop_siteRoot.$PAGES_CONTAINER.1.1.$SITE_PAGES.$c17g1.1.$hyrmwlqr\">\n<p><strong>BACKUPS AUTOM\u00c1TICOS<\/strong><\/p>\n<p>S\u00e3o efetuados dois <em>backups<\/em> di\u00e1rios em locais diferentes de forma a garantir a seguran\u00e7a de toda a informa\u00e7\u00e3o.<\/p>\n<\/div>\n\n\t\t<\/div> \n\t<\/div> <\/div><\/div><div class=\"wpb_column vc_column_container vc_col-sm-2\"><div class=\"wpb_wrapper\"><div class=\"q_icon \"><span class=\"q_icon_shade q_icon_shortcode font_awesome circle qode_large_icon \"  ><i class=\"qode_icon_font_awesome fa fa-refresh \" style=\" \" ><\/i><\/span><\/div><\/div><\/div><\/div><div class=\"separator  normal center  \" style=\"border-color: grey\"><\/div>\n<\/div><\/div><\/div><\/div><div      class=\"vc_row wpb_row section vc_row-fluid\" style=' text-align:left;'><div class=\" full_section_inner clearfix\"><div class=\"wpb_column vc_column_container vc_col-sm-12\"><div class=\"wpb_wrapper\">    <div class=\"vc_empty_space\"  style=\"height: 32px\" ><span class=\"vc_empty_space_inner\"><div class=\"empty_space_image\"\r\n                 ><\/div>\r\n<\/span><\/div>\r\n\n<\/div><\/div><\/div><\/div>\n","protected":false},"excerpt":{"rendered":"<p>Sorry, this entry is only available in Portugu\u00eas.<\/p>\n","protected":false},"author":3,"featured_media":0,"parent":0,"menu_order":0,"comment_status":"open","ping_status":"open","template":"","meta":{"footnotes":""},"class_list":["post-51145","page","type-page","status-publish","hentry"],"yoast_head":"<!-- This site is optimized with the Yoast SEO plugin v26.9 - https:\/\/yoast.com\/product\/yoast-seo-wordpress\/ -->\n<title>Software de Constru\u00e7\u00e3o - Seguran\u00e7a<\/title>\n<meta name=\"description\" content=\"O eConstrUP \u00e9 um software para empresas de constru\u00e7\u00e3o, para consultas e or\u00e7amenta\u00e7\u00e3o. A seguran\u00e7a dos dados dos utilizadores \u00e9 fator priorit\u00e1rio neste site.\" \/>\n<meta name=\"robots\" content=\"index, follow, max-snippet:-1, max-image-preview:large, max-video-preview:-1\" \/>\n<link rel=\"canonical\" href=\"https:\/\/www.econstrup.com\/en\/portugues-precos\/\" \/>\n<meta property=\"og:locale\" content=\"en_US\" \/>\n<meta property=\"og:type\" content=\"article\" \/>\n<meta property=\"og:title\" content=\"Software de Constru\u00e7\u00e3o - Seguran\u00e7a\" \/>\n<meta property=\"og:description\" content=\"O eConstrUP \u00e9 um software para empresas de constru\u00e7\u00e3o, para consultas e or\u00e7amenta\u00e7\u00e3o. A seguran\u00e7a dos dados dos utilizadores \u00e9 fator priorit\u00e1rio neste site.\" \/>\n<meta property=\"og:url\" content=\"https:\/\/www.econstrup.com\/en\/portugues-precos\/\" \/>\n<meta property=\"og:site_name\" content=\"eConstrUp\" \/>\n<meta property=\"article:modified_time\" content=\"2015-07-11T12:36:05+00:00\" \/>\n<meta name=\"twitter:card\" content=\"summary_large_image\" \/>\n<meta name=\"twitter:label1\" content=\"Est. reading time\" \/>\n\t<meta name=\"twitter:data1\" content=\"7 minutes\" \/>\n<script type=\"application\/ld+json\" class=\"yoast-schema-graph\">{\"@context\":\"https:\/\/schema.org\",\"@graph\":[{\"@type\":\"WebPage\",\"@id\":\"https:\/\/www.econstrup.com\/en\/portugues-precos\/\",\"url\":\"https:\/\/www.econstrup.com\/en\/portugues-precos\/\",\"name\":\"Software de Constru\u00e7\u00e3o - Seguran\u00e7a\",\"isPartOf\":{\"@id\":\"https:\/\/www.econstrup.com\/en\/#website\"},\"datePublished\":\"2015-06-11T16:12:21+00:00\",\"dateModified\":\"2015-07-11T12:36:05+00:00\",\"description\":\"O eConstrUP \u00e9 um software para empresas de constru\u00e7\u00e3o, para consultas e or\u00e7amenta\u00e7\u00e3o. A seguran\u00e7a dos dados dos utilizadores \u00e9 fator priorit\u00e1rio neste site.\",\"breadcrumb\":{\"@id\":\"https:\/\/www.econstrup.com\/en\/portugues-precos\/#breadcrumb\"},\"inLanguage\":\"en-US\",\"potentialAction\":[{\"@type\":\"ReadAction\",\"target\":[[\"https:\/\/www.econstrup.com\/en\/portugues-precos\/\"]]}]},{\"@type\":\"BreadcrumbList\",\"@id\":\"https:\/\/www.econstrup.com\/en\/portugues-precos\/#breadcrumb\",\"itemListElement\":[{\"@type\":\"ListItem\",\"position\":1,\"name\":\"Home\",\"item\":\"https:\/\/www.econstrup.com\/en\/\"},{\"@type\":\"ListItem\",\"position\":2,\"name\":\"A SEGURAN\u00c7A \u00c9 UMA DAS PRIORIDADES\"}]},{\"@type\":\"WebSite\",\"@id\":\"https:\/\/www.econstrup.com\/en\/#website\",\"url\":\"https:\/\/www.econstrup.com\/en\/\",\"name\":\"eConstrUp\",\"description\":\"Online software for construction companies\",\"potentialAction\":[{\"@type\":\"SearchAction\",\"target\":{\"@type\":\"EntryPoint\",\"urlTemplate\":\"https:\/\/www.econstrup.com\/en\/?s={search_term_string}\"},\"query-input\":{\"@type\":\"PropertyValueSpecification\",\"valueRequired\":true,\"valueName\":\"search_term_string\"}}],\"inLanguage\":\"en-US\"}]}<\/script>\n<!-- \/ Yoast SEO plugin. -->","yoast_head_json":{"title":"Software de Constru\u00e7\u00e3o - Seguran\u00e7a","description":"O eConstrUP \u00e9 um software para empresas de constru\u00e7\u00e3o, para consultas e or\u00e7amenta\u00e7\u00e3o. A seguran\u00e7a dos dados dos utilizadores \u00e9 fator priorit\u00e1rio neste site.","robots":{"index":"index","follow":"follow","max-snippet":"max-snippet:-1","max-image-preview":"max-image-preview:large","max-video-preview":"max-video-preview:-1"},"canonical":"https:\/\/www.econstrup.com\/en\/portugues-precos\/","og_locale":"en_US","og_type":"article","og_title":"Software de Constru\u00e7\u00e3o - Seguran\u00e7a","og_description":"O eConstrUP \u00e9 um software para empresas de constru\u00e7\u00e3o, para consultas e or\u00e7amenta\u00e7\u00e3o. A seguran\u00e7a dos dados dos utilizadores \u00e9 fator priorit\u00e1rio neste site.","og_url":"https:\/\/www.econstrup.com\/en\/portugues-precos\/","og_site_name":"eConstrUp","article_modified_time":"2015-07-11T12:36:05+00:00","twitter_card":"summary_large_image","twitter_misc":{"Est. reading time":"7 minutes"},"schema":{"@context":"https:\/\/schema.org","@graph":[{"@type":"WebPage","@id":"https:\/\/www.econstrup.com\/en\/portugues-precos\/","url":"https:\/\/www.econstrup.com\/en\/portugues-precos\/","name":"Software de Constru\u00e7\u00e3o - Seguran\u00e7a","isPartOf":{"@id":"https:\/\/www.econstrup.com\/en\/#website"},"datePublished":"2015-06-11T16:12:21+00:00","dateModified":"2015-07-11T12:36:05+00:00","description":"O eConstrUP \u00e9 um software para empresas de constru\u00e7\u00e3o, para consultas e or\u00e7amenta\u00e7\u00e3o. A seguran\u00e7a dos dados dos utilizadores \u00e9 fator priorit\u00e1rio neste site.","breadcrumb":{"@id":"https:\/\/www.econstrup.com\/en\/portugues-precos\/#breadcrumb"},"inLanguage":"en-US","potentialAction":[{"@type":"ReadAction","target":[["https:\/\/www.econstrup.com\/en\/portugues-precos\/"]]}]},{"@type":"BreadcrumbList","@id":"https:\/\/www.econstrup.com\/en\/portugues-precos\/#breadcrumb","itemListElement":[{"@type":"ListItem","position":1,"name":"Home","item":"https:\/\/www.econstrup.com\/en\/"},{"@type":"ListItem","position":2,"name":"A SEGURAN\u00c7A \u00c9 UMA DAS PRIORIDADES"}]},{"@type":"WebSite","@id":"https:\/\/www.econstrup.com\/en\/#website","url":"https:\/\/www.econstrup.com\/en\/","name":"eConstrUp","description":"Online software for construction companies","potentialAction":[{"@type":"SearchAction","target":{"@type":"EntryPoint","urlTemplate":"https:\/\/www.econstrup.com\/en\/?s={search_term_string}"},"query-input":{"@type":"PropertyValueSpecification","valueRequired":true,"valueName":"search_term_string"}}],"inLanguage":"en-US"}]}},"_links":{"self":[{"href":"https:\/\/www.econstrup.com\/en\/wp-json\/wp\/v2\/pages\/51145","targetHints":{"allow":["GET"]}}],"collection":[{"href":"https:\/\/www.econstrup.com\/en\/wp-json\/wp\/v2\/pages"}],"about":[{"href":"https:\/\/www.econstrup.com\/en\/wp-json\/wp\/v2\/types\/page"}],"author":[{"embeddable":true,"href":"https:\/\/www.econstrup.com\/en\/wp-json\/wp\/v2\/users\/3"}],"replies":[{"embeddable":true,"href":"https:\/\/www.econstrup.com\/en\/wp-json\/wp\/v2\/comments?post=51145"}],"version-history":[{"count":69,"href":"https:\/\/www.econstrup.com\/en\/wp-json\/wp\/v2\/pages\/51145\/revisions"}],"predecessor-version":[{"id":51559,"href":"https:\/\/www.econstrup.com\/en\/wp-json\/wp\/v2\/pages\/51145\/revisions\/51559"}],"wp:attachment":[{"href":"https:\/\/www.econstrup.com\/en\/wp-json\/wp\/v2\/media?parent=51145"}],"curies":[{"name":"wp","href":"https:\/\/api.w.org\/{rel}","templated":true}]}}